{"id":34,"date":"2024-08-09T16:04:18","date_gmt":"2024-08-09T14:04:18","guid":{"rendered":"http:\/\/desktop-mjssln\/beaulieu\/?page_id=34"},"modified":"2026-03-12T11:02:42","modified_gmt":"2026-03-12T10:02:42","slug":"parents-elus","status":"publish","type":"page","link":"https:\/\/ecolebeaulieu-lamballe.fr\/?page_id=34","title":{"rendered":"Parents \u00e9lus"},"content":{"rendered":"<style>.kb-row-layout-id34_df7529-21 > .kt-row-column-wrap{align-content:start;}:where(.kb-row-layout-id34_df7529-21 > .kt-row-column-wrap) > .wp-block-kadence-column{justify-content:start;}.kb-row-layout-id34_df7529-21 > .kt-row-column-wrap{column-gap:var(--global-kb-gap-md, 2rem);row-gap:var(--global-kb-gap-md, 2rem);padding-top:var(--global-kb-spacing-sm, 1.5rem);padding-bottom:var(--global-kb-spacing-sm, 1.5rem);grid-template-columns:minmax(0, 1fr);}.kb-row-layout-id34_df7529-21 > .kt-row-layout-overlay{opacity:0.30;}@media all and (max-width: 1024px){.kb-row-layout-id34_df7529-21 > .kt-row-column-wrap{grid-template-columns:minmax(0, 1fr);}}@media all and (max-width: 767px){.kb-row-layout-id34_df7529-21 > .kt-row-column-wrap{grid-template-columns:minmax(0, 1fr);}}<\/style><div class=\"kb-row-layout-wrap kb-row-layout-id34_df7529-21 alignnone wp-block-kadence-rowlayout\"><div class=\"kt-row-column-wrap kt-has-1-columns kt-row-layout-equal kt-tab-layout-inherit kt-mobile-layout-row kt-row-valign-top\">\n<style>.kadence-column34_a31c4e-cd > .kt-inside-inner-col,.kadence-column34_a31c4e-cd > .kt-inside-inner-col:before{border-top-left-radius:0px;border-top-right-radius:0px;border-bottom-right-radius:0px;border-bottom-left-radius:0px;}.kadence-column34_a31c4e-cd > .kt-inside-inner-col{column-gap:var(--global-kb-gap-sm, 1rem);}.kadence-column34_a31c4e-cd > .kt-inside-inner-col{flex-direction:column;}.kadence-column34_a31c4e-cd > .kt-inside-inner-col > .aligncenter{width:100%;}.kadence-column34_a31c4e-cd > .kt-inside-inner-col:before{opacity:0.3;}.kadence-column34_a31c4e-cd{position:relative;}@media all and (max-width: 1024px){.kadence-column34_a31c4e-cd > .kt-inside-inner-col{flex-direction:column;justify-content:center;}}@media all and (max-width: 767px){.kadence-column34_a31c4e-cd > .kt-inside-inner-col{flex-direction:column;justify-content:center;}}<\/style>\n<div class=\"wp-block-kadence-column kadence-column34_a31c4e-cd\"><div class=\"kt-inside-inner-col\"><style>.wp-block-kadence-advancedheading.kt-adv-heading34_a11fd4-e3, .wp-block-kadence-advancedheading.kt-adv-heading34_a11fd4-e3[data-kb-block=\"kb-adv-heading34_a11fd4-e3\"]{text-align:center;font-style:normal;}.wp-block-kadence-advancedheading.kt-adv-heading34_a11fd4-e3 mark.kt-highlight, .wp-block-kadence-advancedheading.kt-adv-heading34_a11fd4-e3[data-kb-block=\"kb-adv-heading34_a11fd4-e3\"] mark.kt-highlight{font-style:normal;color:#f76a0c;-webkit-box-decoration-break:clone;box-decoration-break:clone;padding-top:0px;padding-right:0px;padding-bottom:0px;padding-left:0px;}.wp-block-kadence-advancedheading.kt-adv-heading34_a11fd4-e3 img.kb-inline-image, .wp-block-kadence-advancedheading.kt-adv-heading34_a11fd4-e3[data-kb-block=\"kb-adv-heading34_a11fd4-e3\"] img.kb-inline-image{width:150px;vertical-align:baseline;}<\/style>\n<h2 class=\"kt-adv-heading34_a11fd4-e3 wp-block-kadence-advancedheading\" data-kb-block=\"kb-adv-heading34_a11fd4-e3\">Qu&rsquo;est ce que le conseil d&rsquo;\u00e9cole ?<\/h2>\n\n\n\n<p class=\"has-text-align-left\">Le conseil d&rsquo;\u00e9cole est une instance de concertation qui regroupe des repr\u00e9sentants des parents, des enseignants et de l&rsquo;administration ainsi que les repr\u00e9sentants de la Mairie. Il a pour but de discuter et de prendre des d\u00e9cisions concernant la vie de l&rsquo;\u00e9cole.&nbsp;<\/p>\n\n\n\n<p class=\"has-text-align-left\">Il permet d&rsquo;aborder des sujets vari\u00e9s tels que les projets p\u00e9dagogiques, les activit\u00e9s scolaires et l&rsquo;organisation g\u00e9n\u00e9rale de l&rsquo;\u00e9cole.<\/p>\n\n\n\n<h2 class=\"wp-block-heading has-text-align-center\">Pr\u00e9sentation des Parents \u00c9lus au Conseil d&rsquo;\u00c9cole<\/h2>\n\n\n\n<p>Au d\u00e9but de chaque ann\u00e9e scolaire, vous \u00e9lisez les parents qui vous repr\u00e9senteront au Conseil d&rsquo;\u00e9cole.&nbsp;<\/p>\n\n\n\n<p>Ces parents repr\u00e9sentent les int\u00e9r\u00eats et les pr\u00e9occupations des familles. Ils participent aux r\u00e9unions, \u00e9changent avec les enseignants et l&rsquo;administration, et contribuent \u00e0 l&rsquo;\u00e9laboration de projets pour am\u00e9liorer la vie scolaire.<\/p>\n\n\n\n<p class=\"has-text-align-left\"><strong>Qui sommes nous ?<\/strong><br>Nous sommes un groupe de parents qui a choisi de s&rsquo;impliquer activement dans le fonctionnement de l&rsquo;\u00e9cole. Notre mission est de repr\u00e9senter vos pr\u00e9occupations, d&rsquo;\u00e9changer des id\u00e9es et de travailler en \u00e9troite collaboration avec l&rsquo;\u00e9quipe \u00e9ducative pour cr\u00e9er un environnement d&rsquo;apprentissage \u00e9panouissant.<\/p>\n\n\n<div class=\"wp-block-image\">\n<figure class=\"aligncenter size-full\"><img loading=\"lazy\" decoding=\"async\" width=\"878\" height=\"637\" src=\"https:\/\/ecolebeaulieu-lamballe.fr\/wp-content\/uploads\/2026\/01\/image.png\" alt=\"\" class=\"wp-image-1121\" srcset=\"https:\/\/ecolebeaulieu-lamballe.fr\/wp-content\/uploads\/2026\/01\/image.png 878w, https:\/\/ecolebeaulieu-lamballe.fr\/wp-content\/uploads\/2026\/01\/image-300x218.png 300w, https:\/\/ecolebeaulieu-lamballe.fr\/wp-content\/uploads\/2026\/01\/image-768x557.png 768w\" sizes=\"auto, (max-width: 878px) 100vw, 878px\" \/><\/figure>\n<\/div>\n\n\n<p><strong>Pourquoi nous contacter ?<\/strong><br>Nous savons que chaque parent a des questions, des suggestions ou des pr\u00e9occupations concernant la vie de l&rsquo;\u00e9cole. Que ce soit sur les activit\u00e9s scolaires, les projets en cours ou les \u00e9v\u00e9nements \u00e0 venir, nous sommes l\u00e0 pour vous \u00e9couter et transmettre vos pr\u00e9occupations.&nbsp;<\/p>\n\n\n\n<p>Votre voix est essentielle, et ensemble, nous pouvons faire la diff\u00e9rence !<\/p>\n\n\n\n<p>N&rsquo;h\u00e9sitez pas \u00e0 nous \u00e9crire si vous avez des interrogations, si vous souhaitez en savoir plus sur nos actions ou si vous souhaitez vous joindre \u00e0 l&rsquo;\u00e9quipe lors des prochaines \u00e9lections !<\/p>\n\n\n\n<p>mail : &nbsp;<a href=\"mailto:beaulieuecolerepresentantsparents@mailo.com\" target=\"_blank\" rel=\"noreferrer noopener\">beaulieuecolerepresentantsparents@mailo.com<\/a><\/p>\n<\/div><\/div>\n\n<\/div><\/div>\n\n<style>.kb-row-layout-id34_b33974-f4 > .kt-row-column-wrap{align-content:start;}:where(.kb-row-layout-id34_b33974-f4 > .kt-row-column-wrap) > .wp-block-kadence-column{justify-content:start;}.kb-row-layout-id34_b33974-f4 > .kt-row-column-wrap{column-gap:var(--global-kb-gap-md, 2rem);row-gap:var(--global-kb-gap-md, 2rem);padding-top:var(--global-kb-spacing-sm, 1.5rem);padding-bottom:var(--global-kb-spacing-sm, 1.5rem);}.kb-row-layout-id34_b33974-f4 > .kt-row-column-wrap > div:not(.added-for-specificity){grid-column:initial;}.kb-row-layout-id34_b33974-f4 > .kt-row-column-wrap{grid-template-columns:repeat(3, minmax(0, 1fr));}.kb-row-layout-id34_b33974-f4 > .kt-row-layout-overlay{opacity:0.30;}@media all and (max-width: 1024px){.kb-row-layout-id34_b33974-f4 > .kt-row-column-wrap > div:not(.added-for-specificity){grid-column:initial;}}@media all and (max-width: 1024px){.kb-row-layout-id34_b33974-f4 > .kt-row-column-wrap{grid-template-columns:repeat(3, minmax(0, 1fr));}}@media all and (max-width: 767px){.kb-row-layout-id34_b33974-f4 > .kt-row-column-wrap > div:not(.added-for-specificity){grid-column:initial;}.kb-row-layout-id34_b33974-f4 > .kt-row-column-wrap{grid-template-columns:minmax(0, 1fr);}}<\/style><div class=\"kb-row-layout-wrap kb-row-layout-id34_b33974-f4 alignnone wp-block-kadence-rowlayout\"><div class=\"kt-row-column-wrap kt-has-3-columns kt-row-layout-equal kt-tab-layout-inherit kt-mobile-layout-row kt-row-valign-top\">\n<style>.kadence-column34_e1b380-ae > .kt-inside-inner-col,.kadence-column34_e1b380-ae > .kt-inside-inner-col:before{border-top-left-radius:0px;border-top-right-radius:0px;border-bottom-right-radius:0px;border-bottom-left-radius:0px;}.kadence-column34_e1b380-ae > .kt-inside-inner-col{column-gap:var(--global-kb-gap-sm, 1rem);}.kadence-column34_e1b380-ae > .kt-inside-inner-col{flex-direction:column;}.kadence-column34_e1b380-ae > .kt-inside-inner-col > .aligncenter{width:100%;}.kadence-column34_e1b380-ae > .kt-inside-inner-col:before{opacity:0.3;}.kadence-column34_e1b380-ae{position:relative;}@media all and (max-width: 1024px){.kadence-column34_e1b380-ae > .kt-inside-inner-col{flex-direction:column;justify-content:center;}}@media all and (max-width: 767px){.kadence-column34_e1b380-ae > .kt-inside-inner-col{flex-direction:column;justify-content:center;}}<\/style>\n<div class=\"wp-block-kadence-column kadence-column34_e1b380-ae\"><div class=\"kt-inside-inner-col\"><style>.wp-block-kadence-advancedbtn.kb-btns34_6e609f-43{gap:var(--global-kb-gap-xs, 0.5rem );justify-content:center;align-items:center;}.kt-btns34_6e609f-43 .kt-button{font-weight:normal;font-style:normal;}.kt-btns34_6e609f-43 .kt-btn-wrap-0{margin-right:5px;}.wp-block-kadence-advancedbtn.kt-btns34_6e609f-43 .kt-btn-wrap-0 .kt-button{color:#555555;border-color:#555555;}.wp-block-kadence-advancedbtn.kt-btns34_6e609f-43 .kt-btn-wrap-0 .kt-button:hover, .wp-block-kadence-advancedbtn.kt-btns34_6e609f-43 .kt-btn-wrap-0 .kt-button:focus{color:#ffffff;border-color:#444444;}.wp-block-kadence-advancedbtn.kt-btns34_6e609f-43 .kt-btn-wrap-0 .kt-button::before{display:none;}.wp-block-kadence-advancedbtn.kt-btns34_6e609f-43 .kt-btn-wrap-0 .kt-button:hover, .wp-block-kadence-advancedbtn.kt-btns34_6e609f-43 .kt-btn-wrap-0 .kt-button:focus{background:#444444;}<\/style>\n<div class=\"wp-block-kadence-advancedbtn kb-buttons-wrap kb-btns34_6e609f-43\"><style>ul.menu .wp-block-kadence-advancedbtn .kb-btn34_3e5c53-a3.kb-button{width:initial;}<\/style><a class=\"kb-button kt-button button kb-btn34_3e5c53-a3 kt-btn-size-standard kt-btn-width-type-auto kb-btn-global-fill  kt-btn-has-text-true kt-btn-has-svg-false  wp-block-kadence-singlebtn\" href=\"https:\/\/ecolebeaulieu-lamballe.fr\/wp-content\/uploads\/2025\/10\/CE1-1.pdf\"><span class=\"kt-btn-inner-text\">Compte-rendu conseil d&rsquo;\u00e9cole 1<\/span><\/a><\/div>\n<\/div><\/div>\n\n\n<style>.kadence-column34_99fa2f-05 > .kt-inside-inner-col,.kadence-column34_99fa2f-05 > .kt-inside-inner-col:before{border-top-left-radius:0px;border-top-right-radius:0px;border-bottom-right-radius:0px;border-bottom-left-radius:0px;}.kadence-column34_99fa2f-05 > .kt-inside-inner-col{column-gap:var(--global-kb-gap-sm, 1rem);}.kadence-column34_99fa2f-05 > .kt-inside-inner-col{flex-direction:column;}.kadence-column34_99fa2f-05 > .kt-inside-inner-col > .aligncenter{width:100%;}.kadence-column34_99fa2f-05 > .kt-inside-inner-col:before{opacity:0.3;}.kadence-column34_99fa2f-05{position:relative;}@media all and (max-width: 1024px){.kadence-column34_99fa2f-05 > .kt-inside-inner-col{flex-direction:column;justify-content:center;}}@media all and (max-width: 767px){.kadence-column34_99fa2f-05 > .kt-inside-inner-col{flex-direction:column;justify-content:center;}}<\/style>\n<div class=\"wp-block-kadence-column kadence-column34_99fa2f-05\"><div class=\"kt-inside-inner-col\"><style>.kadence-column34_36a7e4-ca > .kt-inside-inner-col,.kadence-column34_36a7e4-ca > .kt-inside-inner-col:before{border-top-left-radius:0px;border-top-right-radius:0px;border-bottom-right-radius:0px;border-bottom-left-radius:0px;}.kadence-column34_36a7e4-ca > .kt-inside-inner-col{column-gap:var(--global-kb-gap-sm, 1rem);}.kadence-column34_36a7e4-ca > .kt-inside-inner-col{flex-direction:column;}.kadence-column34_36a7e4-ca > .kt-inside-inner-col > .aligncenter{width:100%;}.kadence-column34_36a7e4-ca > .kt-inside-inner-col:before{opacity:0.3;}.kadence-column34_36a7e4-ca{position:relative;}@media all and (max-width: 1024px){.kadence-column34_36a7e4-ca > .kt-inside-inner-col{flex-direction:column;justify-content:center;}}@media all and (max-width: 767px){.kadence-column34_36a7e4-ca > .kt-inside-inner-col{flex-direction:column;justify-content:center;}}<\/style>\n<div class=\"wp-block-kadence-column kadence-column34_36a7e4-ca\"><div class=\"kt-inside-inner-col\"><style>.wp-block-kadence-advancedbtn.kb-btns34_31a177-51{gap:var(--global-kb-gap-xs, 0.5rem );justify-content:center;align-items:center;}.kt-btns34_31a177-51 .kt-button{font-weight:normal;font-style:normal;}.kt-btns34_31a177-51 .kt-btn-wrap-0{margin-right:5px;}.wp-block-kadence-advancedbtn.kt-btns34_31a177-51 .kt-btn-wrap-0 .kt-button{color:#555555;border-color:#555555;}.wp-block-kadence-advancedbtn.kt-btns34_31a177-51 .kt-btn-wrap-0 .kt-button:hover, .wp-block-kadence-advancedbtn.kt-btns34_31a177-51 .kt-btn-wrap-0 .kt-button:focus{color:#ffffff;border-color:#444444;}.wp-block-kadence-advancedbtn.kt-btns34_31a177-51 .kt-btn-wrap-0 .kt-button::before{display:none;}.wp-block-kadence-advancedbtn.kt-btns34_31a177-51 .kt-btn-wrap-0 .kt-button:hover, .wp-block-kadence-advancedbtn.kt-btns34_31a177-51 .kt-btn-wrap-0 .kt-button:focus{background:#444444;}<\/style>\n<div class=\"wp-block-kadence-advancedbtn kb-buttons-wrap kb-btns34_31a177-51\"><style>ul.menu .wp-block-kadence-advancedbtn .kb-btn34_95e167-69.kb-button{width:initial;}<\/style><a class=\"kb-button kt-button button kb-btn34_95e167-69 kt-btn-size-standard kt-btn-width-type-auto kb-btn-global-fill  kt-btn-has-text-true kt-btn-has-svg-false  wp-block-kadence-singlebtn\" href=\"https:\/\/ecolebeaulieu-lamballe.fr\/wp-content\/uploads\/2026\/03\/CE-2.pdf\"><span class=\"kt-btn-inner-text\">Compte-rendu conseil d&rsquo;\u00e9cole 2<\/span><\/a><\/div>\n<\/div><\/div>\n<\/div><\/div>\n\n\n<style>.kadence-column34_489812-f3 > .kt-inside-inner-col,.kadence-column34_489812-f3 > .kt-inside-inner-col:before{border-top-left-radius:0px;border-top-right-radius:0px;border-bottom-right-radius:0px;border-bottom-left-radius:0px;}.kadence-column34_489812-f3 > .kt-inside-inner-col{column-gap:var(--global-kb-gap-sm, 1rem);}.kadence-column34_489812-f3 > .kt-inside-inner-col{flex-direction:column;}.kadence-column34_489812-f3 > .kt-inside-inner-col > .aligncenter{width:100%;}.kadence-column34_489812-f3 > .kt-inside-inner-col:before{opacity:0.3;}.kadence-column34_489812-f3{position:relative;}@media all and (max-width: 1024px){.kadence-column34_489812-f3 > .kt-inside-inner-col{flex-direction:column;justify-content:center;}}@media all and (max-width: 767px){.kadence-column34_489812-f3 > .kt-inside-inner-col{flex-direction:column;justify-content:center;}}<\/style>\n<div class=\"wp-block-kadence-column kadence-column34_489812-f3\"><div class=\"kt-inside-inner-col\"><\/div><\/div>\n\n<\/div><\/div>\n\n\n<p><\/p>\n","protected":false},"excerpt":{"rendered":"<p>Qu&rsquo;est ce que le conseil d&rsquo;\u00e9cole ? Le conseil d&rsquo;\u00e9cole est une instance de concertation qui regroupe des repr\u00e9sentants des parents, des enseignants et de l&rsquo;administration ainsi que les repr\u00e9sentants&#8230;<\/p>\n","protected":false},"author":1,"featured_media":0,"parent":0,"menu_order":0,"comment_status":"closed","ping_status":"closed","template":"","meta":{"_kad_post_transparent":"disable","_kad_post_title":"hide","_kad_post_layout":"normal","_kad_post_sidebar_id":"","_kad_post_content_style":"boxed","_kad_post_vertical_padding":"","_kad_post_feature":"","_kad_post_feature_position":"","_kad_post_header":false,"_kad_post_footer":false,"_kad_post_classname":"","footnotes":""},"class_list":["post-34","page","type-page","status-publish","hentry"],"jetpack_sharing_enabled":true,"_links":{"self":[{"href":"https:\/\/ecolebeaulieu-lamballe.fr\/index.php?rest_route=\/wp\/v2\/pages\/34","targetHints":{"allow":["GET"]}}],"collection":[{"href":"https:\/\/ecolebeaulieu-lamballe.fr\/index.php?rest_route=\/wp\/v2\/pages"}],"about":[{"href":"https:\/\/ecolebeaulieu-lamballe.fr\/index.php?rest_route=\/wp\/v2\/types\/page"}],"author":[{"embeddable":true,"href":"https:\/\/ecolebeaulieu-lamballe.fr\/index.php?rest_route=\/wp\/v2\/users\/1"}],"replies":[{"embeddable":true,"href":"https:\/\/ecolebeaulieu-lamballe.fr\/index.php?rest_route=%2Fwp%2Fv2%2Fcomments&post=34"}],"version-history":[{"count":12,"href":"https:\/\/ecolebeaulieu-lamballe.fr\/index.php?rest_route=\/wp\/v2\/pages\/34\/revisions"}],"predecessor-version":[{"id":1250,"href":"https:\/\/ecolebeaulieu-lamballe.fr\/index.php?rest_route=\/wp\/v2\/pages\/34\/revisions\/1250"}],"wp:attachment":[{"href":"https:\/\/ecolebeaulieu-lamballe.fr\/index.php?rest_route=%2Fwp%2Fv2%2Fmedia&parent=34"}],"curies":[{"name":"wp","href":"https:\/\/api.w.org\/{rel}","templated":true}]}}