{"id":16,"date":"2024-08-09T16:02:36","date_gmt":"2024-08-09T14:02:36","guid":{"rendered":"http:\/\/desktop-mjssln\/beaulieu\/?page_id=16"},"modified":"2026-01-14T16:07:58","modified_gmt":"2026-01-14T15:07:58","slug":"inscription","status":"publish","type":"page","link":"https:\/\/ecolebeaulieu-lamballe.fr\/?page_id=16","title":{"rendered":"Inscription"},"content":{"rendered":"\n<div class=\"wp-block-columns is-layout-flex wp-container-core-columns-is-layout-9d6595d7 wp-block-columns-is-layout-flex\">\n<div class=\"wp-block-column is-layout-flow wp-block-column-is-layout-flow\" style=\"flex-basis:33.33%\">\n<figure class=\"wp-block-image size-full\"><img loading=\"lazy\" decoding=\"async\" width=\"512\" height=\"512\" src=\"http:\/\/desktop-mjssln\/beaulieu\/wp-content\/uploads\/2024\/08\/cropped-2.png\" alt=\"\" class=\"wp-image-7\" srcset=\"https:\/\/ecolebeaulieu-lamballe.fr\/wp-content\/uploads\/2024\/08\/cropped-2.png 512w, https:\/\/ecolebeaulieu-lamballe.fr\/wp-content\/uploads\/2024\/08\/cropped-2-300x300.png 300w, https:\/\/ecolebeaulieu-lamballe.fr\/wp-content\/uploads\/2024\/08\/cropped-2-150x150.png 150w, https:\/\/ecolebeaulieu-lamballe.fr\/wp-content\/uploads\/2024\/08\/cropped-2-270x270.png 270w, https:\/\/ecolebeaulieu-lamballe.fr\/wp-content\/uploads\/2024\/08\/cropped-2-192x192.png 192w, https:\/\/ecolebeaulieu-lamballe.fr\/wp-content\/uploads\/2024\/08\/cropped-2-180x180.png 180w, https:\/\/ecolebeaulieu-lamballe.fr\/wp-content\/uploads\/2024\/08\/cropped-2-32x32.png 32w\" sizes=\"auto, (max-width: 512px) 100vw, 512px\" \/><\/figure>\n<\/div>\n\n\n\n<div class=\"wp-block-column is-layout-flow wp-block-column-is-layout-flow\" style=\"flex-basis:66.66%\">\n<p><\/p>\n\n\n\n<p><\/p>\n\n\n\n<p><\/p>\n\n\n<style>.wp-block-kadence-advancedheading.kt-adv-heading16_63e854-89, .wp-block-kadence-advancedheading.kt-adv-heading16_63e854-89[data-kb-block=\"kb-adv-heading16_63e854-89\"]{text-align:center;font-style:normal;}.wp-block-kadence-advancedheading.kt-adv-heading16_63e854-89 mark.kt-highlight, .wp-block-kadence-advancedheading.kt-adv-heading16_63e854-89[data-kb-block=\"kb-adv-heading16_63e854-89\"] mark.kt-highlight{font-style:normal;color:#f76a0c;-webkit-box-decoration-break:clone;box-decoration-break:clone;padding-top:0px;padding-right:0px;padding-bottom:0px;padding-left:0px;}.wp-block-kadence-advancedheading.kt-adv-heading16_63e854-89 img.kb-inline-image, .wp-block-kadence-advancedheading.kt-adv-heading16_63e854-89[data-kb-block=\"kb-adv-heading16_63e854-89\"] img.kb-inline-image{width:150px;vertical-align:baseline;}<\/style>\n<h2 class=\"kt-adv-heading16_63e854-89 wp-block-kadence-advancedheading has-theme-palette-1-color has-text-color\" data-kb-block=\"kb-adv-heading16_63e854-89\">Comment s&rsquo;inscrire ? <\/h2>\n\n\n<style>.wp-block-kadence-advancedheading.kt-adv-heading16_a4c9bc-4f, .wp-block-kadence-advancedheading.kt-adv-heading16_a4c9bc-4f[data-kb-block=\"kb-adv-heading16_a4c9bc-4f\"]{font-style:normal;}.wp-block-kadence-advancedheading.kt-adv-heading16_a4c9bc-4f mark.kt-highlight, .wp-block-kadence-advancedheading.kt-adv-heading16_a4c9bc-4f[data-kb-block=\"kb-adv-heading16_a4c9bc-4f\"] mark.kt-highlight{font-style:normal;color:#f76a0c;-webkit-box-decoration-break:clone;box-decoration-break:clone;padding-top:0px;padding-right:0px;padding-bottom:0px;padding-left:0px;}.wp-block-kadence-advancedheading.kt-adv-heading16_a4c9bc-4f img.kb-inline-image, .wp-block-kadence-advancedheading.kt-adv-heading16_a4c9bc-4f[data-kb-block=\"kb-adv-heading16_a4c9bc-4f\"] img.kb-inline-image{width:150px;vertical-align:baseline;}<\/style>\n<p class=\"kt-adv-heading16_a4c9bc-4f wp-block-kadence-advancedheading\" data-kb-block=\"kb-adv-heading16_a4c9bc-4f\">Si vous souhaitez inscrire votre enfant dans l&rsquo;\u00e9cole, il est possible de visiter l&rsquo;\u00e9cole tout au long de l&rsquo;ann\u00e9e. <br>N&rsquo;h\u00e9sitez pas \u00e0 prendre contact avec la directrice : Mr Domer <a href=\"tel:0296312929\">0296312929<\/a> <\/p>\n\n\n\n<p>Tous les ans, l&rsquo;\u00e9cole ouvre ses portes aux futurs \u00e9l\u00e8ves aux alentours du mois de mars. <\/p>\n\n\n<style>.wp-block-kadence-advancedbtn.kb-btns16_2e06bb-f7{gap:var(--global-kb-gap-xs, 0.5rem );justify-content:center;align-items:center;}.kt-btns16_2e06bb-f7 .kt-button{font-weight:normal;font-style:normal;}.kt-btns16_2e06bb-f7 .kt-btn-wrap-0{margin-right:5px;}.wp-block-kadence-advancedbtn.kt-btns16_2e06bb-f7 .kt-btn-wrap-0 .kt-button{color:#555555;border-color:#555555;}.wp-block-kadence-advancedbtn.kt-btns16_2e06bb-f7 .kt-btn-wrap-0 .kt-button:hover, .wp-block-kadence-advancedbtn.kt-btns16_2e06bb-f7 .kt-btn-wrap-0 .kt-button:focus{color:#ffffff;border-color:#444444;}.wp-block-kadence-advancedbtn.kt-btns16_2e06bb-f7 .kt-btn-wrap-0 .kt-button::before{display:none;}.wp-block-kadence-advancedbtn.kt-btns16_2e06bb-f7 .kt-btn-wrap-0 .kt-button:hover, .wp-block-kadence-advancedbtn.kt-btns16_2e06bb-f7 .kt-btn-wrap-0 .kt-button:focus{background:#444444;}<\/style>\n<div class=\"wp-block-kadence-advancedbtn kb-buttons-wrap kb-btns16_2e06bb-f7\"><style>ul.menu .wp-block-kadence-advancedbtn .kb-btn16_069343-de.kb-button{width:initial;}.wp-block-kadence-advancedbtn .kb-btn16_069343-de.kb-button{color:var(--global-palette4, #2D3748);background:var(--global-palette1, #3182CE);border-top-left-radius:20px;border-top-right-radius:20px;border-bottom-right-radius:20px;border-bottom-left-radius:20px;border-top-color:var(--global-palette1, #3182CE);border-top-style:solid;border-right-color:var(--global-palette1, #3182CE);border-right-style:solid;border-bottom-color:var(--global-palette1, #3182CE);border-bottom-style:solid;border-left-color:var(--global-palette1, #3182CE);border-left-style:solid;}.kb-btn16_069343-de.kb-button .kb-svg-icon-wrap{font-size:104px;--kb-button-icon-size:104px;}@media all and (max-width: 1024px){.wp-block-kadence-advancedbtn .kb-btn16_069343-de.kb-button{border-top-color:var(--global-palette1, #3182CE);border-top-style:solid;border-right-color:var(--global-palette1, #3182CE);border-right-style:solid;border-bottom-color:var(--global-palette1, #3182CE);border-bottom-style:solid;border-left-color:var(--global-palette1, #3182CE);border-left-style:solid;}}@media all and (max-width: 767px){.wp-block-kadence-advancedbtn .kb-btn16_069343-de.kb-button{border-top-color:var(--global-palette1, #3182CE);border-top-style:solid;border-right-color:var(--global-palette1, #3182CE);border-right-style:solid;border-bottom-color:var(--global-palette1, #3182CE);border-bottom-style:solid;border-left-color:var(--global-palette1, #3182CE);border-left-style:solid;}}<\/style><a class=\"kb-button kt-button button kb-btn16_069343-de kt-btn-size-standard kt-btn-width-type-auto kb-btn-global-fill  kt-btn-has-text-true kt-btn-has-svg-false  wp-block-kadence-singlebtn\" href=\"https:\/\/www.lamballe-armor.bzh\/upload\/espace\/141\/3-au_quotidien\/affaireseducatives\/inscriptions_2024-2025\/dossier-inscription.pdf\" target=\"_blank\" rel=\"noreferrer noopener\"><span class=\"kt-btn-inner-text\">Le dossier d&rsquo;inscription<\/span><\/a><\/div>\n\n\n\n<p><\/p>\n<\/div>\n<\/div>\n\n\n\n<p><\/p>\n","protected":false},"excerpt":{"rendered":"<p>Comment s&rsquo;inscrire ? Si vous souhaitez inscrire votre enfant dans l&rsquo;\u00e9cole, il est possible de visiter l&rsquo;\u00e9cole tout au long de l&rsquo;ann\u00e9e. N&rsquo;h\u00e9sitez pas \u00e0 prendre contact avec la directrice&#8230;<\/p>\n","protected":false},"author":1,"featured_media":0,"parent":0,"menu_order":0,"comment_status":"closed","ping_status":"closed","template":"","meta":{"_kad_post_transparent":"disable","_kad_post_title":"hide","_kad_post_layout":"","_kad_post_sidebar_id":"","_kad_post_content_style":"boxed","_kad_post_vertical_padding":"default","_kad_post_feature":"hide","_kad_post_feature_position":"","_kad_post_header":false,"_kad_post_footer":false,"_kad_post_classname":"","footnotes":""},"class_list":["post-16","page","type-page","status-publish","hentry"],"jetpack_sharing_enabled":true,"_links":{"self":[{"href":"https:\/\/ecolebeaulieu-lamballe.fr\/index.php?rest_route=\/wp\/v2\/pages\/16","targetHints":{"allow":["GET"]}}],"collection":[{"href":"https:\/\/ecolebeaulieu-lamballe.fr\/index.php?rest_route=\/wp\/v2\/pages"}],"about":[{"href":"https:\/\/ecolebeaulieu-lamballe.fr\/index.php?rest_route=\/wp\/v2\/types\/page"}],"author":[{"embeddable":true,"href":"https:\/\/ecolebeaulieu-lamballe.fr\/index.php?rest_route=\/wp\/v2\/users\/1"}],"replies":[{"embeddable":true,"href":"https:\/\/ecolebeaulieu-lamballe.fr\/index.php?rest_route=%2Fwp%2Fv2%2Fcomments&post=16"}],"version-history":[{"count":10,"href":"https:\/\/ecolebeaulieu-lamballe.fr\/index.php?rest_route=\/wp\/v2\/pages\/16\/revisions"}],"predecessor-version":[{"id":930,"href":"https:\/\/ecolebeaulieu-lamballe.fr\/index.php?rest_route=\/wp\/v2\/pages\/16\/revisions\/930"}],"wp:attachment":[{"href":"https:\/\/ecolebeaulieu-lamballe.fr\/index.php?rest_route=%2Fwp%2Fv2%2Fmedia&parent=16"}],"curies":[{"name":"wp","href":"https:\/\/api.w.org\/{rel}","templated":true}]}}