{"id":14,"date":"2024-08-09T16:02:25","date_gmt":"2024-08-09T14:02:25","guid":{"rendered":"http:\/\/desktop-mjssln\/beaulieu\/?page_id=14"},"modified":"2024-08-09T17:28:05","modified_gmt":"2024-08-09T15:28:05","slug":"contacts","status":"publish","type":"page","link":"https:\/\/ecolebeaulieu-lamballe.fr\/?page_id=14","title":{"rendered":"Contacts"},"content":{"rendered":"<style>.kb-row-layout-id14_54cfa3-bc > .kt-row-column-wrap{align-content:start;}:where(.kb-row-layout-id14_54cfa3-bc > .kt-row-column-wrap) > .wp-block-kadence-column{justify-content:start;}.kb-row-layout-id14_54cfa3-bc > .kt-row-column-wrap{column-gap:var(--global-kb-gap-md, 2rem);row-gap:var(--global-kb-gap-md, 2rem);padding-top:var(--global-kb-spacing-sm, 1.5rem);padding-bottom:var(--global-kb-spacing-sm, 1.5rem);grid-template-columns:minmax(0, 1fr);}.kb-row-layout-id14_54cfa3-bc > .kt-row-layout-overlay{opacity:0.30;}@media all and (max-width: 1024px){.kb-row-layout-id14_54cfa3-bc > .kt-row-column-wrap{grid-template-columns:minmax(0, 1fr);}}@media all and (max-width: 767px){.kb-row-layout-id14_54cfa3-bc > .kt-row-column-wrap{grid-template-columns:minmax(0, 1fr);}}<\/style><div class=\"kb-row-layout-wrap kb-row-layout-id14_54cfa3-bc alignnone wp-block-kadence-rowlayout\"><div class=\"kt-row-column-wrap kt-has-1-columns kt-row-layout-equal kt-tab-layout-inherit kt-mobile-layout-row kt-row-valign-top\">\n<style>.kadence-column14_b1f612-00 > .kt-inside-inner-col,.kadence-column14_b1f612-00 > .kt-inside-inner-col:before{border-top-left-radius:0px;border-top-right-radius:0px;border-bottom-right-radius:0px;border-bottom-left-radius:0px;}.kadence-column14_b1f612-00 > .kt-inside-inner-col{column-gap:var(--global-kb-gap-sm, 1rem);}.kadence-column14_b1f612-00 > .kt-inside-inner-col{flex-direction:column;}.kadence-column14_b1f612-00 > .kt-inside-inner-col > .aligncenter{width:100%;}.kadence-column14_b1f612-00 > .kt-inside-inner-col:before{opacity:0.3;}.kadence-column14_b1f612-00{position:relative;}@media all and (max-width: 1024px){.kadence-column14_b1f612-00 > .kt-inside-inner-col{flex-direction:column;justify-content:center;}}@media all and (max-width: 767px){.kadence-column14_b1f612-00 > .kt-inside-inner-col{flex-direction:column;justify-content:center;}}<\/style>\n<div class=\"wp-block-kadence-column kadence-column14_b1f612-00\"><div class=\"kt-inside-inner-col\"><style>.wp-block-kadence-advancedheading.kt-adv-heading14_9787ca-38, .wp-block-kadence-advancedheading.kt-adv-heading14_9787ca-38[data-kb-block=\"kb-adv-heading14_9787ca-38\"]{text-align:center;font-style:normal;}.wp-block-kadence-advancedheading.kt-adv-heading14_9787ca-38 mark.kt-highlight, .wp-block-kadence-advancedheading.kt-adv-heading14_9787ca-38[data-kb-block=\"kb-adv-heading14_9787ca-38\"] mark.kt-highlight{font-style:normal;color:#f76a0c;-webkit-box-decoration-break:clone;box-decoration-break:clone;padding-top:0px;padding-right:0px;padding-bottom:0px;padding-left:0px;}.wp-block-kadence-advancedheading.kt-adv-heading14_9787ca-38 img.kb-inline-image, .wp-block-kadence-advancedheading.kt-adv-heading14_9787ca-38[data-kb-block=\"kb-adv-heading14_9787ca-38\"] img.kb-inline-image{width:150px;vertical-align:baseline;}<\/style>\n<h1 class=\"kt-adv-heading14_9787ca-38 wp-block-kadence-advancedheading has-theme-palette-1-color has-text-color\" data-kb-block=\"kb-adv-heading14_9787ca-38\">COMMENT CONTACTER L&rsquo;\u00c9COLE ?<\/h1>\n\n\n<style>.wp-block-kadence-spacer.kt-block-spacer-14_74e6e1-ee .kt-block-spacer{height:20px;}.wp-block-kadence-spacer.kt-block-spacer-14_74e6e1-ee .kt-divider{border-top-width:1px;height:1px;border-top-color:#eee;width:80%;border-top-style:solid;}<\/style>\n<div class=\"wp-block-kadence-spacer aligncenter kt-block-spacer-14_74e6e1-ee\"><div class=\"kt-block-spacer kt-block-spacer-halign-center\"><hr class=\"kt-divider\"\/><\/div><\/div>\n\n\n<style>.kt-svg-icons14_7dc969-8a .kt-svg-item-0 .kb-svg-icon-wrap{color:var(--global-palette4, #2D3748);font-size:50px;}.wp-block-kadence-icon.kt-svg-icons14_7dc969-8a{justify-content:center;}<\/style>\n<div class=\"wp-block-kadence-icon kt-svg-icons kt-svg-icons14_7dc969-8a alignnone\"><style>.kt-svg-item-14_b20abd-79 .kb-svg-icon-wrap, .kt-svg-style-stacked.kt-svg-item-14_b20abd-79 .kb-svg-icon-wrap{font-size:50px;}<\/style>\n<div class=\"wp-block-kadence-single-icon kt-svg-style-default kt-svg-icon-wrap kt-svg-item-14_b20abd-79\"><span class=\"kb-svg-icon-wrap kb-svg-icon-fe_mail\"><svg viewBox=\"0 0 24 24\"  fill=\"none\" stroke=\"currentColor\" stroke-width=\"2\" stroke-linecap=\"round\" stroke-linejoin=\"round\" xmlns=\"http:\/\/www.w3.org\/2000\/svg\"  aria-hidden=\"true\"><path d=\"M4 4h16c1.1 0 2 .9 2 2v12c0 1.1-.9 2-2 2H4c-1.1 0-2-.9-2-2V6c0-1.1.9-2 2-2z\"\/><polyline points=\"22,6 12,13 2,6\"\/><\/svg><\/span><\/div>\n\n\n<style>.kt-svg-item-14_a1948d-f2 .kb-svg-icon-wrap, .kt-svg-style-stacked.kt-svg-item-14_a1948d-f2 .kb-svg-icon-wrap{font-size:50px;}<\/style>\n<div class=\"wp-block-kadence-single-icon kt-svg-style-default kt-svg-icon-wrap kt-svg-item-14_a1948d-f2\"><span class=\"kb-svg-icon-wrap kb-svg-icon-fe_phone\"><svg viewBox=\"0 0 24 24\"  fill=\"none\" stroke=\"currentColor\" stroke-width=\"2\" stroke-linecap=\"round\" stroke-linejoin=\"round\" xmlns=\"http:\/\/www.w3.org\/2000\/svg\"  aria-hidden=\"true\"><path d=\"M22 16.92v3a2 2 0 0 1-2.18 2 19.79 19.79 0 0 1-8.63-3.07 19.5 19.5 0 0 1-6-6 19.79 19.79 0 0 1-3.07-8.67A2 2 0 0 1 4.11 2h3a2 2 0 0 1 2 1.72 12.84 12.84 0 0 0 .7 2.81 2 2 0 0 1-.45 2.11L8.09 9.91a16 16 0 0 0 6 6l1.27-1.27a2 2 0 0 1 2.11-.45 12.84 12.84 0 0 0 2.81.7A2 2 0 0 1 22 16.92z\"\/><\/svg><\/span><\/div>\n<\/div>\n\n\n<style>.wp-block-kadence-spacer.kt-block-spacer-14_f8a1ee-9f .kt-block-spacer{height:20px;}.wp-block-kadence-spacer.kt-block-spacer-14_f8a1ee-9f .kt-divider{border-top-width:1px;height:1px;border-top-color:#eee;width:80%;border-top-style:solid;}<\/style>\n<div class=\"wp-block-kadence-spacer aligncenter kt-block-spacer-14_f8a1ee-9f\"><div class=\"kt-block-spacer kt-block-spacer-halign-center\"><hr class=\"kt-divider\"\/><\/div><\/div>\n\n\n\n<div class=\"wp-block-columns is-layout-flex wp-container-core-columns-is-layout-9d6595d7 wp-block-columns-is-layout-flex\">\n<div class=\"wp-block-column is-layout-flow wp-block-column-is-layout-flow\"><style>.wp-block-kadence-advancedheading.kt-adv-heading14_a4c48d-c6, .wp-block-kadence-advancedheading.kt-adv-heading14_a4c48d-c6[data-kb-block=\"kb-adv-heading14_a4c48d-c6\"]{text-align:center;font-style:normal;}.wp-block-kadence-advancedheading.kt-adv-heading14_a4c48d-c6 mark.kt-highlight, .wp-block-kadence-advancedheading.kt-adv-heading14_a4c48d-c6[data-kb-block=\"kb-adv-heading14_a4c48d-c6\"] mark.kt-highlight{font-style:normal;color:#f76a0c;-webkit-box-decoration-break:clone;box-decoration-break:clone;padding-top:0px;padding-right:0px;padding-bottom:0px;padding-left:0px;}.wp-block-kadence-advancedheading.kt-adv-heading14_a4c48d-c6 img.kb-inline-image, .wp-block-kadence-advancedheading.kt-adv-heading14_a4c48d-c6[data-kb-block=\"kb-adv-heading14_a4c48d-c6\"] img.kb-inline-image{width:150px;vertical-align:baseline;}<\/style>\n<p class=\"kt-adv-heading14_a4c48d-c6 wp-block-kadence-advancedheading has-theme-palette-1-color has-text-color\" data-kb-block=\"kb-adv-heading14_a4c48d-c6\">Mail : <a href=\"mailto:ecole.0220900j@ac-rennes.fr\">ecole.0220900j@ac-rennes.fr<\/a><\/p>\n<\/div>\n\n\n\n<div class=\"wp-block-column is-layout-flow wp-block-column-is-layout-flow\"><style>.wp-block-kadence-advancedheading.kt-adv-heading14_926658-3f, .wp-block-kadence-advancedheading.kt-adv-heading14_926658-3f[data-kb-block=\"kb-adv-heading14_926658-3f\"]{text-align:center;font-style:normal;}.wp-block-kadence-advancedheading.kt-adv-heading14_926658-3f mark.kt-highlight, .wp-block-kadence-advancedheading.kt-adv-heading14_926658-3f[data-kb-block=\"kb-adv-heading14_926658-3f\"] mark.kt-highlight{font-style:normal;color:#f76a0c;-webkit-box-decoration-break:clone;box-decoration-break:clone;padding-top:0px;padding-right:0px;padding-bottom:0px;padding-left:0px;}.wp-block-kadence-advancedheading.kt-adv-heading14_926658-3f img.kb-inline-image, .wp-block-kadence-advancedheading.kt-adv-heading14_926658-3f[data-kb-block=\"kb-adv-heading14_926658-3f\"] img.kb-inline-image{width:150px;vertical-align:baseline;}<\/style>\n<p class=\"kt-adv-heading14_926658-3f wp-block-kadence-advancedheading has-theme-palette-1-color has-text-color\" data-kb-block=\"kb-adv-heading14_926658-3f\">T\u00e9l\u00e9phone fixe : <a href=\"tel:0296312929\">0296312929<\/a><br>T\u00e9l\u00e9phone portable (sms uniquement) : <a href=\"tel:0625064666\">0625064666<\/a><\/p>\n<\/div>\n<\/div>\n<\/div><\/div>\n\n<\/div><\/div>\n\n\n<p><\/p>\n","protected":false},"excerpt":{"rendered":"<p>COMMENT CONTACTER L&rsquo;\u00c9COLE ? Mail : ecole.0220900j@ac-rennes.fr T\u00e9l\u00e9phone fixe : 0296312929T\u00e9l\u00e9phone portable (sms uniquement) : 0625064666<\/p>\n","protected":false},"author":1,"featured_media":0,"parent":0,"menu_order":0,"comment_status":"closed","ping_status":"closed","template":"","meta":{"_kad_post_transparent":"disable","_kad_post_title":"hide","_kad_post_layout":"default","_kad_post_sidebar_id":"","_kad_post_content_style":"default","_kad_post_vertical_padding":"","_kad_post_feature":"","_kad_post_feature_position":"","_kad_post_header":false,"_kad_post_footer":false,"_kad_post_classname":"","footnotes":""},"class_list":["post-14","page","type-page","status-publish","hentry"],"jetpack_sharing_enabled":true,"_links":{"self":[{"href":"https:\/\/ecolebeaulieu-lamballe.fr\/index.php?rest_route=\/wp\/v2\/pages\/14","targetHints":{"allow":["GET"]}}],"collection":[{"href":"https:\/\/ecolebeaulieu-lamballe.fr\/index.php?rest_route=\/wp\/v2\/pages"}],"about":[{"href":"https:\/\/ecolebeaulieu-lamballe.fr\/index.php?rest_route=\/wp\/v2\/types\/page"}],"author":[{"embeddable":true,"href":"https:\/\/ecolebeaulieu-lamballe.fr\/index.php?rest_route=\/wp\/v2\/users\/1"}],"replies":[{"embeddable":true,"href":"https:\/\/ecolebeaulieu-lamballe.fr\/index.php?rest_route=%2Fwp%2Fv2%2Fcomments&post=14"}],"version-history":[{"count":5,"href":"https:\/\/ecolebeaulieu-lamballe.fr\/index.php?rest_route=\/wp\/v2\/pages\/14\/revisions"}],"predecessor-version":[{"id":67,"href":"https:\/\/ecolebeaulieu-lamballe.fr\/index.php?rest_route=\/wp\/v2\/pages\/14\/revisions\/67"}],"wp:attachment":[{"href":"https:\/\/ecolebeaulieu-lamballe.fr\/index.php?rest_route=%2Fwp%2Fv2%2Fmedia&parent=14"}],"curies":[{"name":"wp","href":"https:\/\/api.w.org\/{rel}","templated":true}]}}